{"id":663,"date":"2026-03-07T17:46:53","date_gmt":"2026-03-07T17:46:53","guid":{"rendered":"https:\/\/www.sicilcanditi.com\/prodotto\/limones-desecados-sicilianos\/"},"modified":"2026-03-07T17:46:53","modified_gmt":"2026-03-07T17:46:53","slug":"limones-desecados-sicilianos","status":"publish","type":"product","link":"https:\/\/www.sicilcanditi.com\/es\/prodotto\/limones-desecados-sicilianos\/","title":{"rendered":"Limones desecados Sicilianos"},"content":{"rendered":"<p>Los limones desecados sicilianos se obtienen de limones madurados al sol de Sicilia, seleccionados con cuidado y sometidos a un proceso de deshidrataci\u00f3n que preserva las caracter\u00edsticas naturales del fruto.<\/p>\n<p>Durante el secado, el contenido de agua se reduce gradualmente, concentrando los vivos aromas c\u00edtricos y el caracter\u00edstico equilibrio de acidez y dulzura t\u00edpico de los limones sicilianos. El resultado es un producto fragante y arom\u00e1tico con un sabor intenso y natural.<\/p>\n<p>Gracias a su versatilidad, los limones desecados pueden utilizarse en muchas preparaciones. Son ideales para decorar postres y tartas, enriquecer infusiones y tisanas, aromatizar c\u00f3cteles o a\u00f1adir una nota c\u00edtrica a platos creativos.<\/p>\n<p>Los limones desecados son una forma natural de llevar a la cocina el aut\u00e9ntico perfume de los c\u00edtricos sicilianos.<\/p>\n<p>C\u00f3mo utilizarlos<\/p>\n<p>Los limones desecados son perfectos para:<\/p>\n<ul>\n<li>\n<p>tisanas e infusiones arom\u00e1ticas<\/p>\n<\/li>\n<li>\n<p>decoraci\u00f3n de tartas y postres<\/p>\n<\/li>\n<li>\n<p>c\u00f3cteles y bebidas<\/p>\n<\/li>\n<li>\n<p>preparaciones de pasteler\u00eda<\/p>\n<\/li>\n<li>\n<p>recetas creativas dulces y saladas<\/p>\n<\/li>\n<\/ul>\n","protected":false},"excerpt":{"rendered":"<p>Los limones desecados sicilianos encierran el intenso perfume de los c\u00edtricos mediterr\u00e1neos. Obtenidos de limones seleccionados y elaborados con un delicado proceso de deshidrataci\u00f3n, conservan el aroma, el color y las caracter\u00edsticas naturales del fruto.<\/p>\n","protected":false},"featured_media":664,"comment_status":"open","ping_status":"closed","template":"","meta":{"_acf_changed":false},"product_brand":[],"product_cat":[37],"product_tag":[],"class_list":{"0":"post-663","1":"product","2":"type-product","3":"status-publish","4":"has-post-thumbnail","6":"product_cat-sin-categorizar","8":"first","9":"instock","10":"shipping-taxable","11":"product-type-simple"},"acf":[],"_links":{"self":[{"href":"https:\/\/www.sicilcanditi.com\/es\/wp-json\/wp\/v2\/product\/663","targetHints":{"allow":["GET"]}}],"collection":[{"href":"https:\/\/www.sicilcanditi.com\/es\/wp-json\/wp\/v2\/product"}],"about":[{"href":"https:\/\/www.sicilcanditi.com\/es\/wp-json\/wp\/v2\/types\/product"}],"replies":[{"embeddable":true,"href":"https:\/\/www.sicilcanditi.com\/es\/wp-json\/wp\/v2\/comments?post=663"}],"wp:featuredmedia":[{"embeddable":true,"href":"https:\/\/www.sicilcanditi.com\/es\/wp-json\/wp\/v2\/media\/664"}],"wp:attachment":[{"href":"https:\/\/www.sicilcanditi.com\/es\/wp-json\/wp\/v2\/media?parent=663"}],"wp:term":[{"taxonomy":"product_brand","embeddable":true,"href":"https:\/\/www.sicilcanditi.com\/es\/wp-json\/wp\/v2\/product_brand?post=663"},{"taxonomy":"product_cat","embeddable":true,"href":"https:\/\/www.sicilcanditi.com\/es\/wp-json\/wp\/v2\/product_cat?post=663"},{"taxonomy":"product_tag","embeddable":true,"href":"https:\/\/www.sicilcanditi.com\/es\/wp-json\/wp\/v2\/product_tag?post=663"}],"curies":[{"name":"wp","href":"https:\/\/api.w.org\/{rel}","templated":true}]}}