{"id":659,"date":"2026-03-07T18:47:52","date_gmt":"2026-03-07T18:47:52","guid":{"rendered":"https:\/\/www.sicilcanditi.com\/prodotto\/naranjas-desecadas-sicilianas\/"},"modified":"2026-03-07T18:47:52","modified_gmt":"2026-03-07T18:47:52","slug":"naranjas-desecadas-sicilianas","status":"publish","type":"product","link":"https:\/\/www.sicilcanditi.com\/es\/prodotto\/naranjas-desecadas-sicilianas\/","title":{"rendered":"Naranjas desecadas Sicilianas"},"content":{"rendered":"<p>Las naranjas desecadas sicilianas nacen de naranjas maduradas al sol de Sicilia, seleccionadas con cuidado y sometidas a un proceso de deshidrataci\u00f3n lento y natural que permite preservar el aroma, el sabor y el color del fruto.<\/p>\n<p>Durante el proceso de deshidrataci\u00f3n, el agua contenida en la naranja se reduce gradualmente, concentrando los aromas y las notas dulces y c\u00edtricas t\u00edpicas de los agrios sicilianos. El resultado es un producto fragante, arom\u00e1tico y lleno de sabor.<\/p>\n<p>Gracias a su versatilidad, las naranjas desecadas pueden utilizarse en muchas preparaciones. Son ideales para decorar dulces y postres, enriquecer infusiones y tisanas, aromatizar c\u00f3cteles o para dar una nota c\u00edtrica a platos creativos.<\/p>\n<p>Las naranjas desecadas representan una forma natural de llevar a la cocina el aut\u00e9ntico perfume de los c\u00edtricos sicilianos.<\/p>\n<p>C\u00f3mo utilizarlas<\/p>\n<p>Las naranjas desecadas son perfectas para:<\/p>\n<ul>\n<li>\n<p>tisanas e infusiones arom\u00e1ticas<\/p>\n<\/li>\n<li>\n<p>decoraci\u00f3n de dulces y postres<\/p>\n<\/li>\n<li>\n<p>c\u00f3cteles y bebidas<\/p>\n<\/li>\n<li>\n<p>preparaciones de pasteler\u00eda<\/p>\n<\/li>\n<li>\n<p>recetas creativas dulces y saladas<\/p>\n<\/li>\n<\/ul>\n","protected":false},"excerpt":{"rendered":"<p>Las naranjas desecadas sicilianas encierran el intenso perfume de los c\u00edtricos mediterr\u00e1neos. Obtenidas de naranjas seleccionadas y elaboradas con un delicado proceso de deshidrataci\u00f3n, conservan el aroma, el color y las caracter\u00edsticas naturales del fruto.<\/p>\n","protected":false},"featured_media":660,"comment_status":"open","ping_status":"closed","template":"","meta":{"_acf_changed":false},"product_brand":[],"product_cat":[37],"product_tag":[],"class_list":{"0":"post-659","1":"product","2":"type-product","3":"status-publish","4":"has-post-thumbnail","6":"product_cat-sin-categorizar","8":"first","9":"outofstock","10":"shipping-taxable","11":"product-type-simple"},"acf":[],"_links":{"self":[{"href":"https:\/\/www.sicilcanditi.com\/es\/wp-json\/wp\/v2\/product\/659","targetHints":{"allow":["GET"]}}],"collection":[{"href":"https:\/\/www.sicilcanditi.com\/es\/wp-json\/wp\/v2\/product"}],"about":[{"href":"https:\/\/www.sicilcanditi.com\/es\/wp-json\/wp\/v2\/types\/product"}],"replies":[{"embeddable":true,"href":"https:\/\/www.sicilcanditi.com\/es\/wp-json\/wp\/v2\/comments?post=659"}],"wp:featuredmedia":[{"embeddable":true,"href":"https:\/\/www.sicilcanditi.com\/es\/wp-json\/wp\/v2\/media\/660"}],"wp:attachment":[{"href":"https:\/\/www.sicilcanditi.com\/es\/wp-json\/wp\/v2\/media?parent=659"}],"wp:term":[{"taxonomy":"product_brand","embeddable":true,"href":"https:\/\/www.sicilcanditi.com\/es\/wp-json\/wp\/v2\/product_brand?post=659"},{"taxonomy":"product_cat","embeddable":true,"href":"https:\/\/www.sicilcanditi.com\/es\/wp-json\/wp\/v2\/product_cat?post=659"},{"taxonomy":"product_tag","embeddable":true,"href":"https:\/\/www.sicilcanditi.com\/es\/wp-json\/wp\/v2\/product_tag?post=659"}],"curies":[{"name":"wp","href":"https:\/\/api.w.org\/{rel}","templated":true}]}}