{"id":560,"date":"2025-10-22T10:33:30","date_gmt":"2025-10-22T10:33:30","guid":{"rendered":"https:\/\/www.sicilcanditi.com\/index.php\/sostenibilita\/"},"modified":"2026-03-07T15:45:43","modified_gmt":"2026-03-07T15:45:43","slug":"sostenibilita","status":"publish","type":"page","link":"https:\/\/www.sicilcanditi.com\/es\/sostenibilita\/","title":{"rendered":"Sostenibilidad"},"content":{"rendered":"\n<p>Un principio fundamental de nuestra actividad es nuestro compromiso con la sostenibilidad, basado en la integraci\u00f3n de pr\u00e1cticas ecol\u00f3gicas, sociales y econ\u00f3micas con el objetivo de reducir el impacto ambiental y garantizar la equidad a lo largo de toda la cadena de suministro.<\/p>\n\n\n\n<p>Los aspectos esenciales incluyen la reducci\u00f3n de los desperdicios, el uso eficiente de recursos como el agua y la energ\u00eda, la adopci\u00f3n de envases sostenibles, la valorizaci\u00f3n de materias primas locales y de temporada y la promoci\u00f3n de una agricultura sostenible y ecol\u00f3gica que favorezca el abastecimiento de productos locales y estacionales procedentes de pr\u00e1cticas agr\u00edcolas respetuosas con el medio ambiente y la biodiversidad.<\/p>\n\n\n\n<h3 class=\"wp-block-heading\">Para Sicilcanditi, la cadena de producci\u00f3n ecol\u00f3gica es una prioridad absoluta.<\/h3>\n\n\n\n<p>Transformamos productos ecol\u00f3gicos frescos obtenidos mediante m\u00e9todos de agricultura ecol\u00f3gica, es decir, sin el uso de fertilizantes qu\u00edmicos, pesticidas, herbicidas u otros productos de s\u00edntesis.<\/p>\n\n\n\n<p>Producimos productos ecol\u00f3gicos transformados certificados (frutas confitadas, productos secos y deshidratados, etc.) que, adem\u00e1s de elaborarse con materias primas ecol\u00f3gicas, no contienen colorantes, conservantes ni otros aditivos qu\u00edmicos.<\/p>\n\n\n\n<p>Nuestro objetivo final es promover un consumo m\u00e1s consciente para un sistema alimentario cada vez m\u00e1s sostenible.<\/p>\n\n\n\n<p><\/p>\n","protected":false},"excerpt":{"rendered":"<p>Un principio fundamental de nuestra actividad es nuestro compromiso con la sostenibilidad, basado en la integraci\u00f3n de pr\u00e1cticas ecol\u00f3gicas, sociales y econ\u00f3micas con el objetivo de reducir el impacto ambiental y garantizar la equidad a lo largo de toda la cadena de suministro. Los aspectos esenciales incluyen la reducci\u00f3n de los desperdicios, el uso eficiente [&hellip;]<\/p>\n","protected":false},"author":1,"featured_media":0,"parent":0,"menu_order":0,"comment_status":"closed","ping_status":"closed","template":"","meta":{"_acf_changed":false,"footnotes":""},"class_list":["post-560","page","type-page","status-publish","hentry"],"acf":[],"_links":{"self":[{"href":"https:\/\/www.sicilcanditi.com\/es\/wp-json\/wp\/v2\/pages\/560","targetHints":{"allow":["GET"]}}],"collection":[{"href":"https:\/\/www.sicilcanditi.com\/es\/wp-json\/wp\/v2\/pages"}],"about":[{"href":"https:\/\/www.sicilcanditi.com\/es\/wp-json\/wp\/v2\/types\/page"}],"author":[{"embeddable":true,"href":"https:\/\/www.sicilcanditi.com\/es\/wp-json\/wp\/v2\/users\/1"}],"replies":[{"embeddable":true,"href":"https:\/\/www.sicilcanditi.com\/es\/wp-json\/wp\/v2\/comments?post=560"}],"version-history":[{"count":2,"href":"https:\/\/www.sicilcanditi.com\/es\/wp-json\/wp\/v2\/pages\/560\/revisions"}],"predecessor-version":[{"id":564,"href":"https:\/\/www.sicilcanditi.com\/es\/wp-json\/wp\/v2\/pages\/560\/revisions\/564"}],"wp:attachment":[{"href":"https:\/\/www.sicilcanditi.com\/es\/wp-json\/wp\/v2\/media?parent=560"}],"curies":[{"name":"wp","href":"https:\/\/api.w.org\/{rel}","templated":true}]}}