{"id":667,"date":"2026-03-07T17:40:58","date_gmt":"2026-03-07T17:40:58","guid":{"rendered":"https:\/\/www.sicilcanditi.com\/prodotto\/kandierte-orangenstreifen\/"},"modified":"2026-03-07T17:40:58","modified_gmt":"2026-03-07T17:40:58","slug":"kandierte-orangenstreifen","status":"publish","type":"product","link":"https:\/\/www.sicilcanditi.com\/de\/produkt\/kandierte-orangenstreifen\/","title":{"rendered":"Kandierte Orangenstreifen"},"content":{"rendered":"<p>Kandierte Orangenstreifen sind ein klassisches Zutaten der traditionellen Konditorei. Sie werden aus der Schale ausgew\u00e4hlter Orangen gewonnen, in d\u00fcnne Streifen geschnitten und durch einen langsamen Kandierungsprozess verarbeitet, der der Frucht erlaubt, Duft, Konsistenz und nat\u00fcrlichen Geschmack zu bewahren.<\/p>\n<p>Dank ihres intensiven Aromas und ihrer weichen Konsistenz sind kandierte Orangenstreifen in der K\u00fcche sehr vielseitig einsetzbar. Sie werden bei der Herstellung von gro\u00dfen Hefegeb\u00e4cken wie Panettone und Colomba, bei der Zubereitung von Keksen und Torten sowie als dekorative Zutat f\u00fcr Desserts und Nachspeisen verwendet.<\/p>\n<p>In der sizilianischen Tradition spielen kandierte Orangen auch eine Hauptrolle bei ikonischen S\u00fc\u00dfigkeiten wie Cassata und Cannoli, wo sie dazu beitragen, ein Gleichgewicht zwischen S\u00fc\u00dfe, Zitrusfrische und mediterranen Aromen zu schaffen.<\/p>\n<p>Kandierte Orangenstreifen k\u00f6nnen auch kreativ verwendet werden: zu Teigen, Granolas, handgemachter Schokolade hinzugef\u00fcgt oder sogar mit gereiften K\u00e4sesorten kombiniert, um interessante aromatische Kontraste zu erzeugen.<\/p>\n<p>Perfekt f\u00fcr den professionellen wie auch f\u00fcr den h\u00e4uslichen Gebrauch, stellen sie eine wertvolle Zutat f\u00fcr alle dar, die ihren S\u00fc\u00dfigkeiten den authentischen Duft mediterraner Zitrusfr\u00fcchte verleihen m\u00f6chten.<\/p>\n","protected":false},"excerpt":{"rendered":"<p>Kandierte Orangenstreifen sind Orangenschalen, die in d\u00fcnne Streifen geschnitten und langsam mit Zucker nach der italienischen S\u00fc\u00dfwarentradition verarbeitet werden. Duftend, weich und reich an Zitrusaroma, eignen sie sich ideal zur Bereicherung von Backwaren, Hefegeb\u00e4cken und handwerklichen Zubereitungen.<\/p>\n","protected":false},"featured_media":470,"comment_status":"open","ping_status":"closed","template":"","meta":{"_acf_changed":false},"product_brand":[],"product_cat":[36],"product_tag":[],"class_list":{"0":"post-667","1":"product","2":"type-product","3":"status-publish","4":"has-post-thumbnail","6":"product_cat-unkategorisiert","8":"first","9":"instock","10":"shipping-taxable","11":"product-type-simple"},"acf":[],"_links":{"self":[{"href":"https:\/\/www.sicilcanditi.com\/de\/wp-json\/wp\/v2\/product\/667","targetHints":{"allow":["GET"]}}],"collection":[{"href":"https:\/\/www.sicilcanditi.com\/de\/wp-json\/wp\/v2\/product"}],"about":[{"href":"https:\/\/www.sicilcanditi.com\/de\/wp-json\/wp\/v2\/types\/product"}],"replies":[{"embeddable":true,"href":"https:\/\/www.sicilcanditi.com\/de\/wp-json\/wp\/v2\/comments?post=667"}],"wp:featuredmedia":[{"embeddable":true,"href":"https:\/\/www.sicilcanditi.com\/de\/wp-json\/wp\/v2\/media\/470"}],"wp:attachment":[{"href":"https:\/\/www.sicilcanditi.com\/de\/wp-json\/wp\/v2\/media?parent=667"}],"wp:term":[{"taxonomy":"product_brand","embeddable":true,"href":"https:\/\/www.sicilcanditi.com\/de\/wp-json\/wp\/v2\/product_brand?post=667"},{"taxonomy":"product_cat","embeddable":true,"href":"https:\/\/www.sicilcanditi.com\/de\/wp-json\/wp\/v2\/product_cat?post=667"},{"taxonomy":"product_tag","embeddable":true,"href":"https:\/\/www.sicilcanditi.com\/de\/wp-json\/wp\/v2\/product_tag?post=667"}],"curies":[{"name":"wp","href":"https:\/\/api.w.org\/{rel}","templated":true}]}}