{"id":662,"date":"2026-03-07T17:46:53","date_gmt":"2026-03-07T17:46:53","guid":{"rendered":"https:\/\/www.sicilcanditi.com\/prodotto\/sizilianische-getrocknete-zitronen\/"},"modified":"2026-03-07T17:46:53","modified_gmt":"2026-03-07T17:46:53","slug":"sizilianische-getrocknete-zitronen","status":"publish","type":"product","link":"https:\/\/www.sicilcanditi.com\/de\/produkt\/sizilianische-getrocknete-zitronen\/","title":{"rendered":"Sizilianische getrocknete Zitronen"},"content":{"rendered":"<p>Sizilianische getrocknete Zitronen werden aus Zitronen hergestellt, die in der sizilianischen Sonne gereift sind. Sie werden sorgf\u00e4ltig ausgew\u00e4hlt und einem Trocknungsprozess unterzogen, der die nat\u00fcrlichen Eigenschaften der Frucht bewahrt.<\/p>\n<p>W\u00e4hrend des Trocknens wird der Wassergehalt schrittweise reduziert, wodurch die lebhaften Zitrusaromen konzentriert werden. Das Ergebnis ist ein duftendes, aromatisches Produkt mit intensivem, nat\u00fcrlichem Geschmack.<\/p>\n<p>Dank ihrer Vielseitigkeit k\u00f6nnen getrocknete Zitronen in vielen Zubereitungen verwendet werden. Sie eignen sich ideal zur Dekoration von Desserts und Kuchen, zur Anreicherung von Kr\u00e4utertees und Aufg\u00fcssen, zur Aromatisierung von Cocktails oder um kreativen Gerichten eine Zitrust\u00f6ne zu verleihen.<\/p>\n<p>Getrocknete Zitronen sind eine nat\u00fcrliche M\u00f6glichkeit, den authentischen Duft sizilianischer Zitrusfr\u00fcchte in die K\u00fcche zu bringen.<\/p>\n<p>Verwendungsm\u00f6glichkeiten<\/p>\n<p>Getrocknete Zitronen eignen sich perfekt f\u00fcr:<\/p>\n<ul>\n<li>\n<p>Kr\u00e4utertees und aromatische Aufg\u00fcsse<\/p>\n<\/li>\n<li>\n<p>Dekoration von Kuchen und Desserts<\/p>\n<\/li>\n<li>\n<p>Cocktails und Getr\u00e4nke<\/p>\n<\/li>\n<li>\n<p>Konditorei-Zubereitungen<\/p>\n<\/li>\n<li>\n<p>kreative s\u00fc\u00dfe und herzhafte Rezepte<\/p>\n<\/li>\n<\/ul>\n","protected":false},"excerpt":{"rendered":"<p>Sizilianische getrocknete Zitronen bewahren den intensiven Duft mediterraner Zitrusfr\u00fcchte. Aus sorgf\u00e4ltig ausgew\u00e4hlten Zitronen gewonnen und mit einem schonenden Trocknungsverfahren verarbeitet, behalten sie Aroma, Farbe und nat\u00fcrliche Eigenschaften der Frucht.<\/p>\n","protected":false},"featured_media":471,"comment_status":"open","ping_status":"closed","template":"","meta":{"_acf_changed":false},"product_brand":[],"product_cat":[36],"product_tag":[],"class_list":{"0":"post-662","1":"product","2":"type-product","3":"status-publish","4":"has-post-thumbnail","6":"product_cat-unkategorisiert","8":"first","9":"instock","10":"shipping-taxable","11":"product-type-simple"},"acf":[],"_links":{"self":[{"href":"https:\/\/www.sicilcanditi.com\/de\/wp-json\/wp\/v2\/product\/662","targetHints":{"allow":["GET"]}}],"collection":[{"href":"https:\/\/www.sicilcanditi.com\/de\/wp-json\/wp\/v2\/product"}],"about":[{"href":"https:\/\/www.sicilcanditi.com\/de\/wp-json\/wp\/v2\/types\/product"}],"replies":[{"embeddable":true,"href":"https:\/\/www.sicilcanditi.com\/de\/wp-json\/wp\/v2\/comments?post=662"}],"wp:featuredmedia":[{"embeddable":true,"href":"https:\/\/www.sicilcanditi.com\/de\/wp-json\/wp\/v2\/media\/471"}],"wp:attachment":[{"href":"https:\/\/www.sicilcanditi.com\/de\/wp-json\/wp\/v2\/media?parent=662"}],"wp:term":[{"taxonomy":"product_brand","embeddable":true,"href":"https:\/\/www.sicilcanditi.com\/de\/wp-json\/wp\/v2\/product_brand?post=662"},{"taxonomy":"product_cat","embeddable":true,"href":"https:\/\/www.sicilcanditi.com\/de\/wp-json\/wp\/v2\/product_cat?post=662"},{"taxonomy":"product_tag","embeddable":true,"href":"https:\/\/www.sicilcanditi.com\/de\/wp-json\/wp\/v2\/product_tag?post=662"}],"curies":[{"name":"wp","href":"https:\/\/api.w.org\/{rel}","templated":true}]}}