{"id":559,"date":"2025-10-22T10:33:30","date_gmt":"2025-10-22T10:33:30","guid":{"rendered":"https:\/\/www.sicilcanditi.com\/index.php\/ueber-uns\/sostenibilita\/"},"modified":"2026-03-07T21:21:28","modified_gmt":"2026-03-07T21:21:28","slug":"sostenibilita","status":"publish","type":"page","link":"https:\/\/www.sicilcanditi.com\/de\/ueber-uns\/sostenibilita\/","title":{"rendered":"Nachhaltigkeit"},"content":{"rendered":"\n<p>Ein grundlegender Bestandteil unserer Unternehmensphilosophie ist unser Nachhaltigkeitsansatz, der auf der Integration \u00f6kologischer, sozialer und wirtschaftlicher Praktiken basiert, um die Umweltbelastung zu reduzieren und Fairness entlang der gesamten Lieferkette zu gew\u00e4hrleisten.<\/p>\n\n\n\n<p>Zu den wichtigsten Aspekten geh\u00f6ren die Reduzierung von Abf\u00e4llen, der effiziente Einsatz von Ressourcen wie Wasser und Energie, die Verwendung nachhaltiger Verpackungen, die F\u00f6rderung lokaler und saisonaler Rohstoffe sowie die Unterst\u00fctzung einer nachhaltigen und biologischen Landwirtschaft, die den Bezug von lokalen und saisonalen Produkten aus umwelt- und biodiversit\u00e4tsfreundlichen landwirtschaftlichen Praktiken beg\u00fcnstigt.<\/p>\n\n\n\n<h3 class=\"wp-block-heading\"><strong>F\u00fcr Sicilcanditi hat die biologische Lieferkette h\u00f6chste Priorit\u00e4t.<\/strong><\/h3>\n\n\n\n<p>Wir verarbeiten frische Bio-Produkte, die nach den Methoden des \u00f6kologischen Landbaus erzeugt werden, also ohne den Einsatz von chemischen D\u00fcngemitteln, Pestiziden, Herbiziden oder anderen synthetischen Stoffen.<\/p>\n\n\n\n<p>Wir produzieren zertifizierte verarbeitete Bio-Produkte (kandierte Fr\u00fcchte, getrocknete und dehydratisierte Produkte usw.), die nicht nur aus biologischen Rohstoffen hergestellt werden, sondern auch keine Farbstoffe, Konservierungsstoffe oder andere chemische Zusatzstoffe enthalten.<\/p>\n\n\n\n<p>Unser Ziel ist es, einen bewussteren Konsum zu f\u00f6rdern und damit zu einem immer nachhaltigeren Lebensmittelsystem beizutragen.<\/p>\n\n\n\n<p><\/p>\n","protected":false},"excerpt":{"rendered":"<p>Ein grundlegender Bestandteil unserer Unternehmensphilosophie ist unser Nachhaltigkeitsansatz, der auf der Integration \u00f6kologischer, sozialer und wirtschaftlicher Praktiken basiert, um die Umweltbelastung zu reduzieren und Fairness entlang der gesamten Lieferkette zu gew\u00e4hrleisten. Zu den wichtigsten Aspekten geh\u00f6ren die Reduzierung von Abf\u00e4llen, der effiziente Einsatz von Ressourcen wie Wasser und Energie, die Verwendung nachhaltiger Verpackungen, die F\u00f6rderung [&hellip;]<\/p>\n","protected":false},"author":1,"featured_media":0,"parent":485,"menu_order":0,"comment_status":"closed","ping_status":"closed","template":"","meta":{"_acf_changed":false,"footnotes":""},"class_list":["post-559","page","type-page","status-publish","hentry"],"acf":[],"_links":{"self":[{"href":"https:\/\/www.sicilcanditi.com\/de\/wp-json\/wp\/v2\/pages\/559","targetHints":{"allow":["GET"]}}],"collection":[{"href":"https:\/\/www.sicilcanditi.com\/de\/wp-json\/wp\/v2\/pages"}],"about":[{"href":"https:\/\/www.sicilcanditi.com\/de\/wp-json\/wp\/v2\/types\/page"}],"author":[{"embeddable":true,"href":"https:\/\/www.sicilcanditi.com\/de\/wp-json\/wp\/v2\/users\/1"}],"replies":[{"embeddable":true,"href":"https:\/\/www.sicilcanditi.com\/de\/wp-json\/wp\/v2\/comments?post=559"}],"version-history":[{"count":2,"href":"https:\/\/www.sicilcanditi.com\/de\/wp-json\/wp\/v2\/pages\/559\/revisions"}],"predecessor-version":[{"id":671,"href":"https:\/\/www.sicilcanditi.com\/de\/wp-json\/wp\/v2\/pages\/559\/revisions\/671"}],"up":[{"embeddable":true,"href":"https:\/\/www.sicilcanditi.com\/de\/wp-json\/wp\/v2\/pages\/485"}],"wp:attachment":[{"href":"https:\/\/www.sicilcanditi.com\/de\/wp-json\/wp\/v2\/media?parent=559"}],"curies":[{"name":"wp","href":"https:\/\/api.w.org\/{rel}","templated":true}]}}