{"id":485,"date":"2025-09-08T10:05:06","date_gmt":"2025-09-08T10:05:06","guid":{"rendered":"https:\/\/www.sicilcanditi.com\/index.php\/ueber-uns\/"},"modified":"2026-03-07T13:16:51","modified_gmt":"2026-03-07T13:16:51","slug":"ueber-uns","status":"publish","type":"page","link":"https:\/\/www.sicilcanditi.com\/de\/ueber-uns\/","title":{"rendered":"\u00dcber uns"},"content":{"rendered":"\n<p><strong>Am Fu\u00dfe des \u00c4tna, wo Geschichte und Natur zu einer Landschaft von au\u00dfergew\u00f6hnlicher Sch\u00f6nheit verschmelzen, entstand Sicilcanditi.<br\/>Wir sind ein junges sizilianisches Startup, das von dem Wunsch getragen wird, eine der wertvollsten Traditionen unserer Insel zu bewahren und weiterzuentwickeln: die Verwandlung von Fr\u00fcchten in echte gastronomische Spezialit\u00e4ten.At the foot of Mount Etna<\/strong>, where history and nature merge into a landscape of extraordinary beauty, Sicilcanditi was born.<br\/>We are a young Sicilian startup driven by the <strong>desire to preserve and renew one of the most precious traditions of our island<\/strong>: transforming fruit into authentic gastronomic excellence.<\/p>\n\n<p>Jedes unserer Produkte erz\u00e4hlt ein kleines St\u00fcck Sizilien: intensive D\u00fcfte, lebendige Farben und authentische Aromen, die von Sonne, Meer und alten Handwerkstraditionen berichten. Wir sind \u00fcberzeugt, dass Innovation und Tradition miteinander harmonieren k\u00f6nnen. Deshalb verbinden wir traditionelle Rezepte mit modernen Produktionsprozessen, um Qualit\u00e4t, Sicherheit und Umweltbewusstsein zu gew\u00e4hrleisten.<\/p>\n\n<p>Unsere kandierten Fr\u00fcchte und Spezialit\u00e4ten entstehen aus sorgf\u00e4ltig ausgew\u00e4hlten Zutaten und werden nach den Prinzipien der mediterranen Ern\u00e4hrung verarbeitet \u2014 einem Lebensstil, der Einfachheit, Frische und das nat\u00fcrliche Gleichgewicht der Lebensmittel feiert.<\/p>\n\n<p>Sicilcanditi ist mehr als nur eine Marke: Es ist eine Reise in den authentischen Geschmack Siziliens, eine Hommage an die Leidenschaft und Hingabe vieler Generationen lokaler Produzenten, die mit ihrem Wissen und ihren H\u00e4nden ein einzigartiges Erbe von Aromen lebendig halten.<\/p>\n\n<p>Entdecken Sie mit uns den echten Genuss eines Produkts, das aus einem gro\u00dfz\u00fcgigen und lebendigen Land stammt \u2014 Sizilien, wo jede S\u00fc\u00dfspeise eine Geschichte erz\u00e4hlt und jede Frucht eine Emotion bewahrt.<\/p>\n\n<p><\/p>\n","protected":false},"excerpt":{"rendered":"<p>Am Fu\u00dfe des \u00c4tna, wo Geschichte und Natur zu einer Landschaft von au\u00dfergew\u00f6hnlicher Sch\u00f6nheit verschmelzen, entstand Sicilcanditi.Wir sind ein junges sizilianisches Startup, das von dem Wunsch getragen wird, eine der wertvollsten Traditionen unserer Insel zu bewahren und weiterzuentwickeln: die Verwandlung von Fr\u00fcchten in echte gastronomische Spezialit\u00e4ten.At the foot of Mount Etna, where history and nature [&hellip;]<\/p>\n","protected":false},"author":1,"featured_media":0,"parent":0,"menu_order":0,"comment_status":"closed","ping_status":"closed","template":"","meta":{"_acf_changed":false,"footnotes":""},"class_list":["post-485","page","type-page","status-publish","hentry"],"acf":[],"_links":{"self":[{"href":"https:\/\/www.sicilcanditi.com\/de\/wp-json\/wp\/v2\/pages\/485","targetHints":{"allow":["GET"]}}],"collection":[{"href":"https:\/\/www.sicilcanditi.com\/de\/wp-json\/wp\/v2\/pages"}],"about":[{"href":"https:\/\/www.sicilcanditi.com\/de\/wp-json\/wp\/v2\/types\/page"}],"author":[{"embeddable":true,"href":"https:\/\/www.sicilcanditi.com\/de\/wp-json\/wp\/v2\/users\/1"}],"replies":[{"embeddable":true,"href":"https:\/\/www.sicilcanditi.com\/de\/wp-json\/wp\/v2\/comments?post=485"}],"version-history":[{"count":1,"href":"https:\/\/www.sicilcanditi.com\/de\/wp-json\/wp\/v2\/pages\/485\/revisions"}],"predecessor-version":[{"id":486,"href":"https:\/\/www.sicilcanditi.com\/de\/wp-json\/wp\/v2\/pages\/485\/revisions\/486"}],"wp:attachment":[{"href":"https:\/\/www.sicilcanditi.com\/de\/wp-json\/wp\/v2\/media?parent=485"}],"curies":[{"name":"wp","href":"https:\/\/api.w.org\/{rel}","templated":true}]}}